{"id":2628,"date":"2016-12-05T04:56:01","date_gmt":"2016-12-05T04:56:01","guid":{"rendered":"https:\/\/skw.ee\/kontakt\/"},"modified":"2021-06-03T18:56:51","modified_gmt":"2021-06-03T18:56:51","slug":"kontakt","status":"publish","type":"page","link":"https:\/\/skw.ee\/en\/kontakt\/","title":{"rendered":"Contact"},"content":{"rendered":"<div class=\"wpb-content-wrapper\"><p>[vc_row css=&#8221;.vc_custom_1622279875955{padding-top: 80px !important;padding-bottom: 30px !important;}&#8221;][vc_column width=&#8221;1\/2&#8243; offset=&#8221;vc_col-lg-6 vc_col-md-6&#8243; css=&#8221;.vc_custom_1622208390232{background-position: center !important;background-repeat: no-repeat !important;background-size: contain !important;}&#8221;][vc_column_text]<\/p>\n<h4 class=\"address-style-2\"><strong>Legal address:<\/strong><\/h4>\n<p class=\"address-style-2\">SKW Eesti O\u00dc<br \/>\nK\u00f5rkk\u00fcla<br \/>\nViru-Nigula vald<br \/>\nL\u00e4\u00e4ne-Virumaa<br \/>\n43405 Eesti<\/p>\n<p>[\/vc_column_text][\/vc_column][vc_column width=&#8221;5\/12&#8243; offset=&#8221;vc_col-lg-6 vc_col-md-6&#8243;][vc_column_text]<\/p>\n<h4 class=\"address-style-2\"><strong>Business address:<\/strong><\/h4>\n<address class=\"address-style-2\">SKW Eesti O\u00dc<br \/>\nMere 2<br \/>\n43401 Aseri<br \/>\nViru-Nigula vald<br \/>\nL\u00e4\u00e4ne-Virumaa Eesti<br \/>\n<strong>Phone: <\/strong>+372 5146774<br \/>\n<strong>Email: <\/strong><a href=\"mailto:janner(at)skw.ee\">janner(at)skw.ee<\/a><\/address>\n<p>[\/vc_column_text][\/vc_column][\/vc_row][vc_row fullwidth=&#8221;yes&#8221; css=&#8221;.vc_custom_1585652174668{padding-bottom: -40px !important;}&#8221;][vc_column][vc_gmaps link=&#8221;#E-8_JTNDaWZyYW1lJTIwc3JjJTNEJTIyaHR0cHMlM0ElMkYlMkZ3d3cuZ29vZ2xlLmNvbSUyRm1hcHMlMkZlbWJlZCUzRnBiJTNEJTIxMW0xOCUyMTFtMTIlMjExbTMlMjExZDIwMjcuNzc0OTM4NDM4NjY4NCUyMTJkMjYuODc3MDMwNTE1Njk4MzIzJTIxM2Q1OS40NTM1MDQxODE3MDI0NiUyMTJtMyUyMTFmMCUyMTJmMCUyMTNmMCUyMTNtMiUyMTFpMTAyNCUyMTJpNzY4JTIxNGYxMy4xJTIxM20zJTIxMW0yJTIxMXMweDQ2OTM4Njc1NTc5M2I5MmYlMjUzQTB4NTRiYmU0OTM2NmMxMDEwZCUyMTJzTWVyZSUyNTIwMiUyNTJDJTI1MjBBc2VyaSUyNTJDJTI1MjA0MzQwMSUyNTIwSWRhLVZpcnVtYWElMjE1ZTAlMjEzbTIlMjExc2VuJTIxMnNlZSUyMTR2MTU4NTIxNTczNzM4MCUyMTVtMiUyMTFzZW4lMjEyc2VlJTIyJTIwd2lkdGglM0QlMjIxMDAlMjUlMjIlMjBoZWlnaHQlM0QlMjI0NTAlMjIlMjBmcmFtZWJvcmRlciUzRCUyMjAlMjIlMjBzdHlsZSUzRCUyMmJvcmRlciUzQTAlM0IlMjIlMjBhbGxvd2Z1bGxzY3JlZW4lM0QlMjIlMjIlMjBhcmlhLWhpZGRlbiUzRCUyMmZhbHNlJTIyJTIwdGFiaW5kZXglM0QlMjIwJTIyJTNFJTNDJTJGaWZyYW1lJTNF&#8221;][\/vc_column][\/vc_row]<\/p>\n<\/div>","protected":false},"excerpt":{"rendered":"<p>[vc_row css=&#8221;.vc_custom_1622279875955{padding-top: 80px !important;padding-bottom: 30px !important;}&#8221;][vc_column width=&#8221;1\/2&#8243; offset=&#8221;vc_col-lg-6 vc_col-md-6&#8243; css=&#8221;.vc_custom_1622208390232{background-position: center !important;background-repeat: no-repeat !important;background-size: contain !important;}&#8221;][vc_column_text] Legal address: SKW Eesti O\u00dc K\u00f5rkk\u00fcla Viru-Nigula vald L\u00e4\u00e4ne-Virumaa 43405 Eesti [\/vc_column_text][\/vc_column][vc_column width=&#8221;5\/12&#8243; offset=&#8221;vc_col-lg-6 vc_col-md-6&#8243;][vc_column_text] Business address: SKW Eesti O\u00dc Mere 2 43401 Aseri Viru-Nigula vald L\u00e4\u00e4ne-Virumaa Eesti Phone: +372 5146774 Email: janner(at)skw.ee [\/vc_column_text][\/vc_column][\/vc_row][vc_row fullwidth=&#8221;yes&#8221; css=&#8221;.vc_custom_1585652174668{padding-bottom: -40px !important;}&#8221;][vc_column][vc_gmaps link=&#8221;#E-8_JTNDaWZyYW1lJTIwc3JjJTNEJTIyaHR0cHMlM0ElMkYlMkZ3d3cuZ29vZ2xlLmNvbSUyRm1hcHMlMkZlbWJlZCUzRnBiJTNEJTIxMW0xOCUyMTFtMTIlMjExbTMlMjExZDIwMjcuNzc0OTM4NDM4NjY4NCUyMTJkMjYuODc3MDMwNTE1Njk4MzIzJTIxM2Q1OS40NTM1MDQxODE3MDI0NiUyMTJtMyUyMTFmMCUyMTJmMCUyMTNmMCUyMTNtMiUyMTFpMTAyNCUyMTJpNzY4JTIxNGYxMy4xJTIxM20zJTIxMW0yJTIxMXMweDQ2OTM4Njc1NTc5M2I5MmYlMjUzQTB4NTRiYmU0OTM2NmMxMDEwZCUyMTJzTWVyZSUyNTIwMiUyNTJDJTI1MjBBc2VyaSUyNTJDJTI1MjA0MzQwMSUyNTIwSWRhLVZpcnVtYWElMjE1ZTAlMjEzbTIlMjExc2VuJTIxMnNlZSUyMTR2MTU4NTIxNTczNzM4MCUyMTVtMiUyMTFzZW4lMjEyc2VlJTIyJTIwd2lkdGglM0QlMjIxMDAlMjUlMjIlMjBoZWlnaHQlM0QlMjI0NTAlMjIlMjBmcmFtZWJvcmRlciUzRCUyMjAlMjIlMjBzdHlsZSUzRCUyMmJvcmRlciUzQTAlM0IlMjIlMjBhbGxvd2Z1bGxzY3JlZW4lM0QlMjIlMjIlMjBhcmlhLWhpZGRlbiUzRCUyMmZhbHNlJTIyJTIwdGFiaW5kZXglM0QlMjIwJTIyJTNFJTNDJTJGaWZyYW1lJTNF&#8221;][\/vc_column][\/vc_row]<\/p>\n","protected":false},"author":7,"featured_media":0,"parent":0,"menu_order":0,"comment_status":"closed","ping_status":"closed","template":"page-templates\/template-fullwidth.php","meta":{"footnotes":""},"class_list":["post-2628","page","type-page","status-publish","hentry"],"_links":{"self":[{"href":"https:\/\/skw.ee\/en\/wp-json\/wp\/v2\/pages\/2628","targetHints":{"allow":["GET"]}}],"collection":[{"href":"https:\/\/skw.ee\/en\/wp-json\/wp\/v2\/pages"}],"about":[{"href":"https:\/\/skw.ee\/en\/wp-json\/wp\/v2\/types\/page"}],"author":[{"embeddable":true,"href":"https:\/\/skw.ee\/en\/wp-json\/wp\/v2\/users\/7"}],"replies":[{"embeddable":true,"href":"https:\/\/skw.ee\/en\/wp-json\/wp\/v2\/comments?post=2628"}],"version-history":[{"count":9,"href":"https:\/\/skw.ee\/en\/wp-json\/wp\/v2\/pages\/2628\/revisions"}],"predecessor-version":[{"id":3513,"href":"https:\/\/skw.ee\/en\/wp-json\/wp\/v2\/pages\/2628\/revisions\/3513"}],"wp:attachment":[{"href":"https:\/\/skw.ee\/en\/wp-json\/wp\/v2\/media?parent=2628"}],"curies":[{"name":"wp","href":"https:\/\/api.w.org\/{rel}","templated":true}]}}