{"id":3125,"date":"2020-04-15T06:10:18","date_gmt":"2020-04-15T06:10:18","guid":{"rendered":"https:\/\/skw.ee\/?page_id=3125"},"modified":"2020-06-29T09:24:14","modified_gmt":"2020-06-29T09:24:14","slug":"stainless-steel-furniture","status":"publish","type":"page","link":"https:\/\/skw.ee\/en\/stainless-steel-furniture\/","title":{"rendered":"Stainless steel furniture"},"content":{"rendered":"<div class=\"wpb-content-wrapper\"><p>[vc_row disable_element=\u201dyes\u201d css=\u201d.vc_custom_1586856915339{padding-bottom: 0px !important;background-image: url(https:\/\/skw.ee\/wp-content\/uploads\/2020\/03\/taust.jpg?id=2526) !important;}\u201d][vc_column offset=\u201dvc_col-md-6\u2033][vc_custom_heading text=\u201dstainless steel furniture\u201d font_container=\u201dtag:h1|text_align:left\u201d][vc_row_inner el_class=\u201dmore-20\u2033][vc_column_inner width=\u201d1\/2\u2033 offset=\u201dvc_col-lg-12 vc_col-md-12\u2033]\n\t<figure class=\"pic-hover hover-scale\">\n        <span class=\"center-xy\">\n        \t            <a class=\"image-popup\" href=\"\">\n                <i class=\"fa fa-image btn-action btn-action-hide\"><\/i>\n            <\/a>\n                    <\/span>\n        <span class=\"bg-overlay\"><\/span>        <img decoding=\"async\" src=\"\" class=\"img-responsive\" alt=\"\">\n    <\/figure>\n\n    <h3 class=\"\"><\/h3>\n    <p>\n        Roostevabast k\u00e4rud. Roostevabast riiulid. Roostevabast t\u00f6\u00f6lauad. Roostevabast valamud. Roostevabast kapid. Alusk\u00e4rud. Aluslauad. Segistid. Ventilatsioonikubud.<br \/>\n<strong>Roostevaba m\u00f6\u00f6bel saadaval ka vastavalt teie m\u00f5\u00f5tudele !<\/strong><\/p>\n<p>Professionaalsed teadmised ning eelnevad praktilised kogemused v\u00f5imaldavad meil m\u00f5ista oma klienti, et leida tema t\u00f6\u00f6- v\u00f5i tegevusruumi sobilikud lahendused roostevaba terasest t\u00f6\u00f6lauade, <a href=\"https:\/\/skw.ee\/roostevaba-metalli-keevitus\/\">tasapindade<\/a>, valamute, seinakonsoolide ning teiste roostevabast terasest toodete n\u00e4ol.<\/p>\n<p>RST m\u00f6\u00f6blit ehk roostevabast terasest m\u00f6\u00f6blit kasutatakse igas toiduga kokkupuutuvas asutuses, kus on asendamatuks sisustuselemendiks roostevabad pinnad. Kiire tulemuse ja t\u00f5rgeteta t\u00f6\u00f6 tagamiseks on vajalik \u00fchildada toiduliikumise teekond ning valmistamisprotsessid. Meie poolt pakutavad RST m\u00f6\u00f6blid on k\u00f5rgtehnoloogilised ja m\u00f5eldud sujuva t\u00f6\u00f6protsessi tagamiseks, ka k\u00f5ige suurema koormusega toitlustusettev\u00f5ttes.<\/p>\n<div>Toodetud roostevabast terasest m\u00f6\u00f6bli k\u00f5rge kvaliteet on hinnatud nii Eesti tellijate kui ka\u00a0v\u00e4lismaiste tellijate poolt. Assi ekspordib oma toodangut p\u00f5hiliselt Soome, L\u00e4tti, Rootsi, Venemaale ja\u00a0Ukrainasse.<\/div>\n<div><\/div>\n<div>Professionaalne oskusteave ja pidevalt uueneva tehnoloogia kasutamine v\u00f5imaldab toota\u00a0k\u00f5rgetasemelist m\u00f6\u00f6blit ning lahendada klientide spetsiifilisi n\u00f5udmisi.<\/div>\n<p>\t<br>\n\t\t    <\/p>\n    \t\n[vc_column_text css=\u201d.vc_custom_1586930994551{margin-bottom: 10px !important;}\u201d]<\/p>\n<h2>Stainless steel furniture <span class=\"tiny-border\">x<\/span><\/h2>\n<p>[\/vc_column_text]\n\t<figure class=\"pic-hover hover-scale\">\n        <span class=\"center-xy\">\n        \t            <a class=\"image-popup\" href=\"\">\n                <i class=\"fa fa-image btn-action btn-action-hide\"><\/i>\n            <\/a>\n                    <\/span>\n        <span class=\"bg-overlay\"><\/span>        <img decoding=\"async\" src=\"\" class=\"img-responsive\" alt=\"\">\n    <\/figure>\n\n    <h3 class=\"\"><\/h3>\n    <p>\n        <strong>Roostevaba m\u00f6\u00f6blit on saadaval ka vastavalt teie m\u00f5\u00f5tudele !<\/strong><\/p>\n<p>Professionaalsed teadmised ning eelnevad praktilised kogemused v\u00f5imaldavad meil m\u00f5ista oma klienti, et leida tema t\u00f6\u00f6- v\u00f5i tegevusruumi sobilikud lahendused roostevaba terasest t\u00f6\u00f6lauade, tasapindade, valamute, seinakonsoolide ning teiste roostevabast terasest toodete n\u00e4ol.<\/p>\n<p>Seeholm roostevaba terasest t\u00f6\u00f6m\u00f6\u00f6bli pakkumise erip\u00e4raks on individuaalne kliendip\u00f5hine l\u00e4henemine, tagades vajadusp\u00f5hise t\u00f6\u00f6- v\u00f5i tootmisruumi planeerimise, kliendi tegevusliku erip\u00e4ra ning h\u00fcgieenin\u00f5uete korrektse j\u00e4lgimise.<\/p>\n<p><a href=\"https:\/\/www.gastro.ee\/suurkoogiseadmed\/roostevaba-moobel\/\" target=\"_blank\" rel=\"noopener noreferrer\">RST m\u00f6\u00f6bel<\/a> on k\u00f5rgtehnoloogiline roostevaba teras, mida kasutatakse suurk\u00f6\u00f6kide sisustamisel. Terasest pinnad ei ima endasse vedelikke v\u00f5i muid ained, mis muudab sellised k\u00f6\u00f6gipinnad v\u00e4ga lihtsalt puhastatavaks ning suhteliselt hooldusvabaks. K\u00f6\u00f6gis k\u00e4ib t\u00f6\u00f6 \u00fcldjuhul \u00fcsna kiires tempos ja sealne m\u00f6\u00f6bel peab v\u00f5imaldama kokkadel opereeruda kiirelt ning lihtsalt. Selle jaoks ongi loodud spetsiaalne RST m\u00f6\u00f6bel.<\/p>\n<p>m\u00f6\u00f6bli tootevalikus on roostevabad t\u00f6\u00f6pinnad, roostevabad valamud, roostevabad riiulid ning roostevabad k\u00e4rud jms.\t<br>\n\t\t    <\/p>\n    \t\n[\/vc_column_inner][\/vc_row_inner][\/vc_column][vc_column offset=\u201dvc_col-md-6\u2033 el_class=\u201dbottom-0\u2033 css=\u201d.vc_custom_1585249684093{margin-top: 35px !important;}\u201d][vc_single_image image=\u201d2981\u2033 img_size=\u201dfull\u201d alignment=\u201dcenter\u201d css=\u201d.vc_custom_1585249320816{margin-top: 0px !important;padding-bottom: 0px !important;}\u201d][\/vc_column][\/vc_row][vc_row parallax_bg=\u201dtrue\u201d css=\u201d.vc_custom_1586858141550{padding-bottom: 0px !important;background-image: url(https:\/\/skw.ee\/wp-content\/uploads\/2020\/03\/taust.jpg?id=2526) !important;}\u201d][vc_column offset=\u201dvc_col-md-6\u2033][vc_column_text css=\u201d.vc_custom_1586930809977{margin-bottom: 10px !important;}\u201d]<\/p>\n<h2>Stainless steel furniture <span class=\"tiny-border\">x<\/span><\/h2>\n<p>[\/vc_column_text][vc_row_inner el_class=\u201dmore-20\u2033][vc_column_inner width=\u201d1\/2\u2033 offset=\u201dvc_col-lg-12 vc_col-md-12\u2033]\n\t<figure class=\"pic-hover hover-scale\">\n        <span class=\"center-xy\">\n        \t            <a class=\"image-popup\" href=\"\">\n                <i class=\"fa fa-image btn-action btn-action-hide\"><\/i>\n            <\/a>\n                    <\/span>\n        <span class=\"bg-overlay\"><\/span>        <img decoding=\"async\" src=\"\" class=\"img-responsive\" alt=\"\">\n    <\/figure>\n\n    <h3 class=\"\"><\/h3>\n    <p>\n        Stainless furniture, Stainless steel trolleys, Stainless steel shelves, Stainless steel workbenches, Stainless steel sinks, Stainless steel cabinets, Trolleys, Base tables, Ventilation hoods.<br \/>\n<strong>Stainless furniture also available according to your measurements!<\/strong><\/p>\n<p>Professional knowledge and previous practical experience allow us to understand our client to find suitable solutions for their work or activity space in the form of stainless steel workbenches, countertops, sinks, wall brackets and other stainless steel products.\t<br>\n\t\t    <\/p>\n    \t\n\n    <a class=\"btn btn-fx btn-line-black \" href=\"https:\/\/skw.ee\/kontakt\/\" target=\"_self\">Ask for an offer<\/a>  \t\n[\/vc_column_inner][\/vc_row_inner][\/vc_column][vc_column offset=\u201dvc_col-md-6\u2033 el_class=\u201dbottom-0\u2033 css=\u201d.vc_custom_1585249684093{margin-top: 35px !important;}\u201d][vc_single_image image=\u201d2981\u2033 img_size=\u201dfull\u201d alignment=\u201dcenter\u201d css=\u201d.vc_custom_1585249320816{margin-top: 0px !important;padding-bottom: 0px !important;}\u201d][\/vc_column][\/vc_row][vc_row][vc_column][vc_column_text css=\u201d.vc_custom_1586930895148{padding-bottom: 50px !important;}\u201d]<\/p>\n<h2>Gallery <span class=\"tiny-border\">x<\/span><\/h2>\n<p>[\/vc_column_text][vc_masonry_media_grid grid_id=\u201dvc_gid:1593422610197-52b8e309-c5a6-5\u2033 include=\u201d3146,3150,3142,3158,3154,3162,3166,3055\u2033][vc_empty_space][\/vc_column][\/vc_row]<\/p>\n<\/div>","protected":false},"excerpt":{"rendered":"<p>[vc_row disable_element=\u201dyes\u201d css=\u201d.vc_custom_1586856915339{padding-bottom: 0px !important;background-image: url(https:\/\/skw.ee\/wp-content\/uploads\/2020\/03\/taust.jpg?id=2526) !important;}\u201d][vc_column offset=\u201dvc_col-md-6\u2033][vc_custom_heading text=\u201dstainless steel furniture\u201d font_container=\u201dtag:h1|text_align:left\u201d][vc_row_inner el_class=\u201dmore-20\u2033][vc_column_inner width=\u201d1\/2\u2033 offset=\u201dvc_col-lg-12 vc_col-md-12\u2033][vc_column_text css=\u201d.vc_custom_1586930994551{margin-bottom: 10px !important;}\u201d] Stainless steel furniture x [\/vc_column_text][\/vc_column_inner][\/vc_row_inner][\/vc_column][vc_column offset=\u201dvc_col-md-6\u2033 el_class=\u201dbottom-0\u2033 css=\u201d.vc_custom_1585249684093{margin-top: 35px !important;}\u201d][vc_single_image image=\u201d2981\u2033 img_size=\u201dfull\u201d alignment=\u201dcenter\u201d css=\u201d.vc_custom_1585249320816{margin-top: 0px !important;padding-bottom: 0px !important;}\u201d][\/vc_column][\/vc_row][vc_row parallax_bg=\u201dtrue\u201d css=\u201d.vc_custom_1586858141550{padding-bottom: 0px !important;background-image: url(https:\/\/skw.ee\/wp-content\/uploads\/2020\/03\/taust.jpg?id=2526) !important;}\u201d][vc_column offset=\u201dvc_col-md-6\u2033][vc_column_text css=\u201d.vc_custom_1586930809977{margin-bottom: 10px !important;}\u201d] Stainless steel furniture x [\/vc_column_text][vc_row_inner el_class=\u201dmore-20\u2033][vc_column_inner width=\u201d1\/2\u2033 offset=\u201dvc_col-lg-12 [&hellip;]<\/p>\n","protected":false},"author":7,"featured_media":3055,"parent":0,"menu_order":0,"comment_status":"closed","ping_status":"closed","template":"page-templates\/template-fullwidth.php","meta":{"footnotes":""},"class_list":["post-3125","page","type-page","status-publish","has-post-thumbnail","hentry"],"_links":{"self":[{"href":"https:\/\/skw.ee\/en\/wp-json\/wp\/v2\/pages\/3125","targetHints":{"allow":["GET"]}}],"collection":[{"href":"https:\/\/skw.ee\/en\/wp-json\/wp\/v2\/pages"}],"about":[{"href":"https:\/\/skw.ee\/en\/wp-json\/wp\/v2\/types\/page"}],"author":[{"embeddable":true,"href":"https:\/\/skw.ee\/en\/wp-json\/wp\/v2\/users\/7"}],"replies":[{"embeddable":true,"href":"https:\/\/skw.ee\/en\/wp-json\/wp\/v2\/comments?post=3125"}],"version-history":[{"count":4,"href":"https:\/\/skw.ee\/en\/wp-json\/wp\/v2\/pages\/3125\/revisions"}],"predecessor-version":[{"id":3170,"href":"https:\/\/skw.ee\/en\/wp-json\/wp\/v2\/pages\/3125\/revisions\/3170"}],"wp:featuredmedia":[{"embeddable":true,"href":"https:\/\/skw.ee\/en\/wp-json\/wp\/v2\/media\/3055"}],"wp:attachment":[{"href":"https:\/\/skw.ee\/en\/wp-json\/wp\/v2\/media?parent=3125"}],"curies":[{"name":"wp","href":"https:\/\/api.w.org\/{rel}","templated":true}]}}