{"id":2623,"date":"2016-12-09T07:34:03","date_gmt":"2016-12-09T07:34:03","guid":{"rendered":"https:\/\/skw.ee\/ettevottest\/"},"modified":"2021-06-03T19:00:11","modified_gmt":"2021-06-03T19:00:11","slug":"ettevottest","status":"publish","type":"page","link":"https:\/\/skw.ee\/fi\/ettevottest\/","title":{"rendered":"Yrityksest\u00e4"},"content":{"rendered":"<div class=\"wpb-content-wrapper\"><p>[vc_row css=&#8221;.vc_custom_1622279858638{padding-top: 80px !important;padding-bottom: 30px !important;}&#8221;][vc_column][vc_custom_heading text=&#8221;SKW Eesti O\u00dc on nyky\u00e4\u00e4n ruostumattoman metallin hitsaukseen erikoistunut yritys.&#8221; use_theme_fonts=&#8221;yes&#8221;][\/vc_column][vc_column width=&#8221;2\/3&#8243;]\n\t<figure class=\"pic-hover hover-scale\">\n        <span class=\"center-xy\">\n        \t            <a class=\"image-popup\" href=\"\">\n                <i class=\"fa fa-image btn-action btn-action-hide\"><\/i>\n            <\/a>\n                    <\/span>\n        <span class=\"bg-overlay\"><\/span>        <img decoding=\"async\" src=\"\" class=\"img-responsive\" alt=\"\">\n    <\/figure>\n\n    <h3 class=\"\"><\/h3>\n    <p>\n        Yritys sai alkunsa vuonna 2001 nimell\u00e4 Meistrim\u00f6\u00f6bel O\u00dc. Kahdeksantoista vuoden ajan yrityksen p\u00e4\u00e4toimialana oli kalusteiden valmistaminen.<\/p>\n<p>Nykyisin yrityksess\u00e4 ei en\u00e4\u00e4 valmisteta kalusteita, mutta kalustetuotteiden v\u00e4litys Skandinavian markkinoille jatkuu.<\/p>\n<p>Yrityksen liiketoiminnan muutos ja TIG-hitsauksen historia sai alkunsa vuonna 2010, kun suomalaisyritys Teollisuussep\u00e4t Oy perusti It\u00e4-Virumaalle tuotantoyksik\u00f6n. Vuosien ajan koko henkil\u00f6st\u00f6ll\u00e4 toisen yrityksen palveluksessa ty\u00f6skentely ja metallituotteiden v\u00e4litys p\u00e4\u00e4asiassa Suomeen on nyt vaihtunut ja oma tuotantoyksikk\u00f6 on perustettu L\u00e4\u00e4ne-Virumaan maakuntaan Aseriin. Samoin on muuttunut my\u00f6s yrityksen nimi.<\/p>\n<p>Yrityksen tuotannosta 90 % muodostaa vienti, mutta runsaasti ruosteettomasta ter\u00e4ksest\u00e4 valmistettuja putkistoja on tuotettu my\u00f6s Viron erilaisille veden- ja j\u00e4tevedenpuhdistusasemille\t<br>\n\t\t    <\/p>\n    \t\n[\/vc_column][vc_column width=&#8221;1\/3&#8243;][vc_single_image image=&#8221;2991&#8243; img_size=&#8221;full&#8221; style=&#8221;vc_box_shadow_circle_2&#8243;][\/vc_column][\/vc_row][vc_row css=&#8221;.vc_custom_1622279844589{padding-top: 50px !important;padding-bottom: 40px !important;background-color: #efefef !important;}&#8221;][vc_column][vc_custom_heading text=&#8221;Kumppanimme&#8221; use_theme_fonts=&#8221;yes&#8221;][vc_row_inner][vc_column_inner width=&#8221;1\/5&#8243;][vc_column_text]<\/p>\n<h5 data-canvas-width=\"590.8906666666669\"><a href=\"https:\/\/www.kaasutekniikka.fi\/\" target=\"_blank\" rel=\"noopener noreferrer\">Suomen Kaasutekniikka Oy<\/a><\/h5>\n<p>[\/vc_column_text][\/vc_column_inner][vc_column_inner width=&#8221;1\/5&#8243;][vc_column_text]<\/p>\n<h5 data-canvas-width=\"590.8906666666669\"><a href=\"https:\/\/ee.hansa-flex.com\/index.html\" target=\"_blank\" rel=\"noopener noreferrer\">Hansa-Flex O\u00dc<\/a><\/h5>\n<p>[\/vc_column_text][\/vc_column_inner][vc_column_inner width=&#8221;1\/5&#8243;][vc_column_text]<\/p>\n<h5 data-canvas-width=\"590.8906666666669\"><a href=\"http:\/\/www.dunlophiflex.ee\/\" target=\"_blank\" rel=\"noopener noreferrer\">Dunlop-Hiflex<\/a><\/h5>\n<p>[\/vc_column_text][\/vc_column_inner][vc_column_inner width=&#8221;1\/5&#8243;][vc_column_text]<\/p>\n<h5 data-canvas-width=\"590.8906666666669\"><a href=\"https:\/\/new.abb.com\/marine\" target=\"_blank\" rel=\"noopener noreferrer\">ABB Marine<\/a><\/h5>\n<p>[\/vc_column_text][\/vc_column_inner][vc_column_inner width=&#8221;1\/5&#8243;][vc_column_text]<\/p>\n<h5 data-canvas-width=\"590.8906666666669\"><a href=\"https:\/\/torm.ee\/\" target=\"_blank\" rel=\"noopener noreferrer\">Torm Metall O\u00dc<\/a><\/h5>\n<p>[\/vc_column_text][\/vc_column_inner][\/vc_row_inner][vc_row_inner][vc_column_inner width=&#8221;1\/6&#8243;][vc_column_text]<\/p>\n<h5 data-canvas-width=\"590.8906666666669\"><a href=\"https:\/\/pesulux.ee\/\" target=\"_blank\" rel=\"noopener noreferrer\">Pesulux O\u00dc<\/a><\/h5>\n<p>[\/vc_column_text][\/vc_column_inner][vc_column_inner width=&#8221;1\/6&#8243;][vc_column_text]<\/p>\n<h5 data-canvas-width=\"590.8906666666669\"><a href=\"http:\/\/www.feb.ee\/\" target=\"_blank\" rel=\"noopener noreferrer\">FEB AS<\/a><\/h5>\n<p>[\/vc_column_text][\/vc_column_inner][vc_column_inner width=&#8221;1\/6&#8243;][vc_column_text]<\/p>\n<h5 data-canvas-width=\"590.8906666666669\"><a href=\"http:\/\/www.italinox.ee\/\" target=\"_blank\" rel=\"noopener noreferrer\">Italinox O\u00dc<\/a><\/h5>\n<p>[\/vc_column_text][\/vc_column_inner][vc_column_inner width=&#8221;1\/6&#8243;][vc_column_text]<\/p>\n<h5 data-canvas-width=\"590.8906666666669\"><a href=\"http:\/\/www.lapesa.com\/\" target=\"_blank\" rel=\"noopener noreferrer\">Lapesa Srl<\/a><\/h5>\n<p>[\/vc_column_text][\/vc_column_inner][vc_column_inner width=&#8221;1\/6&#8243;][vc_column_text]<\/p>\n<h5 data-canvas-width=\"590.8906666666669\"><a href=\"https:\/\/www.spetselektroodi.ee\/\" target=\"_blank\" rel=\"noopener noreferrer\">Spetselektroodi AS<\/a><\/h5>\n<p>[\/vc_column_text][\/vc_column_inner][vc_column_inner width=&#8221;1\/6&#8243;][vc_column_text]<\/p>\n<h5 data-canvas-width=\"590.8906666666669\"><a href=\"https:\/\/www.rkrseadmed.ee\/\" target=\"_blank\" rel=\"noopener noreferrer\">RKR Seadmed O\u00dc<\/a><\/h5>\n<p>[\/vc_column_text][\/vc_column_inner][\/vc_row_inner][\/vc_column][\/vc_row]<\/p>\n<\/div>","protected":false},"excerpt":{"rendered":"<p>[vc_row css=&#8221;.vc_custom_1622279858638{padding-top: 80px !important;padding-bottom: 30px !important;}&#8221;][vc_column][vc_custom_heading text=&#8221;SKW Eesti O\u00dc on nyky\u00e4\u00e4n ruostumattoman metallin hitsaukseen erikoistunut yritys.&#8221; use_theme_fonts=&#8221;yes&#8221;][\/vc_column][vc_column width=&#8221;2\/3&#8243;][\/vc_column][vc_column width=&#8221;1\/3&#8243;][vc_single_image image=&#8221;2991&#8243; img_size=&#8221;full&#8221; style=&#8221;vc_box_shadow_circle_2&#8243;][\/vc_column][\/vc_row][vc_row css=&#8221;.vc_custom_1622279844589{padding-top: 50px !important;padding-bottom: 40px !important;background-color: #efefef !important;}&#8221;][vc_column][vc_custom_heading text=&#8221;Kumppanimme&#8221; use_theme_fonts=&#8221;yes&#8221;][vc_row_inner][vc_column_inner width=&#8221;1\/5&#8243;][vc_column_text] Suomen Kaasutekniikka Oy [\/vc_column_text][\/vc_column_inner][vc_column_inner width=&#8221;1\/5&#8243;][vc_column_text] Hansa-Flex O\u00dc [\/vc_column_text][\/vc_column_inner][vc_column_inner width=&#8221;1\/5&#8243;][vc_column_text] Dunlop-Hiflex [\/vc_column_text][\/vc_column_inner][vc_column_inner width=&#8221;1\/5&#8243;][vc_column_text] ABB Marine [\/vc_column_text][\/vc_column_inner][vc_column_inner width=&#8221;1\/5&#8243;][vc_column_text] Torm Metall O\u00dc [\/vc_column_text][\/vc_column_inner][\/vc_row_inner][vc_row_inner][vc_column_inner width=&#8221;1\/6&#8243;][vc_column_text] Pesulux O\u00dc [&hellip;]<\/p>\n","protected":false},"author":7,"featured_media":0,"parent":0,"menu_order":0,"comment_status":"closed","ping_status":"closed","template":"page-templates\/template-fullwidth.php","meta":{"footnotes":""},"class_list":["post-2623","page","type-page","status-publish","hentry"],"_links":{"self":[{"href":"https:\/\/skw.ee\/fi\/wp-json\/wp\/v2\/pages\/2623","targetHints":{"allow":["GET"]}}],"collection":[{"href":"https:\/\/skw.ee\/fi\/wp-json\/wp\/v2\/pages"}],"about":[{"href":"https:\/\/skw.ee\/fi\/wp-json\/wp\/v2\/types\/page"}],"author":[{"embeddable":true,"href":"https:\/\/skw.ee\/fi\/wp-json\/wp\/v2\/users\/7"}],"replies":[{"embeddable":true,"href":"https:\/\/skw.ee\/fi\/wp-json\/wp\/v2\/comments?post=2623"}],"version-history":[{"count":9,"href":"https:\/\/skw.ee\/fi\/wp-json\/wp\/v2\/pages\/2623\/revisions"}],"predecessor-version":[{"id":3519,"href":"https:\/\/skw.ee\/fi\/wp-json\/wp\/v2\/pages\/2623\/revisions\/3519"}],"wp:attachment":[{"href":"https:\/\/skw.ee\/fi\/wp-json\/wp\/v2\/media?parent=2623"}],"curies":[{"name":"wp","href":"https:\/\/api.w.org\/{rel}","templated":true}]}}