{"id":2644,"date":"2020-03-18T17:18:24","date_gmt":"2020-03-18T17:18:24","guid":{"rendered":"https:\/\/skw.ee\/metalli-teenustood\/"},"modified":"2021-06-02T16:17:13","modified_gmt":"2021-06-02T16:17:13","slug":"metalli-teenustood","status":"publish","type":"page","link":"https:\/\/skw.ee\/fi\/metalli-teenustood\/","title":{"rendered":"Metallipalveluty\u00f6t"},"content":{"rendered":"<div class=\"wpb-content-wrapper\"><p>[vc_row parallax_bg=\u201dtrue\u201d css=\u201d.vc_custom_1622279656558{padding-top: 80px !important;padding-bottom: 0px !important;background-image: url(https:\/\/skw.ee\/wp-content\/uploads\/2020\/03\/taust.jpg?id=2526) !important;}\u201d][vc_column offset=\u201dvc_col-md-6\u2033][vc_column_text css=\u201d.vc_custom_1585077819267{margin-bottom: 10px !important;}\u201d]<\/p>\n<h2>Metallipalveluty\u00f6t <span class=\"tiny-border\">x<\/span><\/h2>\n<p>[\/vc_column_text][vc_row_inner el_class=\u201dmore-20\u2033][vc_column_inner width=\u201d1\/2\u2033 offset=\u201dvc_col-lg-12 vc_col-md-12\u2033]\n\t<figure class=\"pic-hover hover-scale\">\n        <span class=\"center-xy\">\n        \t            <a class=\"image-popup\" href=\"\">\n                <i class=\"fa fa-image btn-action btn-action-hide\"><\/i>\n            <\/a>\n                    <\/span>\n        <span class=\"bg-overlay\"><\/span>        <img decoding=\"async\" src=\"\" class=\"img-responsive\" alt=\"\">\n    <\/figure>\n\n    <h3 class=\"\"><\/h3>\n    <p>\n        Ruostumattoman metallin ja alumiinin TIG- ja MIG-hitsauksen ohella tarjoamme yhteisty\u00f6ss\u00e4 kumppaniyritysten kanssa metallituotteiden laserleikkausta sek\u00e4 sorvaus- ja CNC-jyrsint\u00e4palvelua. Sorvauspalvelua tarjoamme kolmella sorvauslaitteella ja CNC-jyrsint\u00e4\u00e4n on k\u00e4yt\u00f6ss\u00e4 kaksi kuusiakselista jyrsint\u00e4, joilla voi ty\u00f6st\u00e4\u00e4 erilaisia metalliosia.\t<br>\n\t\t    <\/p>\n    \t\n[\/vc_column_inner][\/vc_row_inner][\/vc_column][vc_column offset=\u201dvc_col-md-6\u2033 el_class=\u201dbottom-0\u2033][vc_single_image image=\u201d2982\u2033 img_size=\u201dfull\u201d alignment=\u201dcenter\u201d css=\u201d.vc_custom_1585249822963{margin-top: 35px !important;}\u201d][\/vc_column][\/vc_row][vc_row css=\u201d.vc_custom_1622279662275{padding-top: 80px !important;}\u201d][vc_column][vc_column_text]<\/p>\n<h2>Galleria <span class=\"tiny-border\">x<\/span><\/h2>\n<p>[\/vc_column_text][vc_masonry_media_grid element_width=\u201d6\u2033 grid_id=\u201dvc_gid:1622650613522-6083bb62-8b88-3\u2033 include=\u201d3476\u2033][\/vc_column][\/vc_row]<\/p>\n<\/div>","protected":false},"excerpt":{"rendered":"<p>[vc_row parallax_bg=\u201dtrue\u201d css=\u201d.vc_custom_1622279656558{padding-top: 80px !important;padding-bottom: 0px !important;background-image: url(https:\/\/skw.ee\/wp-content\/uploads\/2020\/03\/taust.jpg?id=2526) !important;}\u201d][vc_column offset=\u201dvc_col-md-6\u2033][vc_column_text css=\u201d.vc_custom_1585077819267{margin-bottom: 10px !important;}\u201d] Metallipalveluty\u00f6t x [\/vc_column_text][vc_row_inner el_class=\u201dmore-20\u2033][vc_column_inner width=\u201d1\/2\u2033 offset=\u201dvc_col-lg-12 vc_col-md-12\u2033][\/vc_column_inner][\/vc_row_inner][\/vc_column][vc_column offset=\u201dvc_col-md-6\u2033 el_class=\u201dbottom-0\u2033][vc_single_image image=\u201d2982\u2033 img_size=\u201dfull\u201d alignment=\u201dcenter\u201d css=\u201d.vc_custom_1585249822963{margin-top: 35px !important;}\u201d][\/vc_column][\/vc_row][vc_row css=\u201d.vc_custom_1622279662275{padding-top: 80px !important;}\u201d][vc_column][vc_column_text] Galleria x [\/vc_column_text][vc_masonry_media_grid element_width=\u201d6\u2033 grid_id=\u201dvc_gid:1622650613522-6083bb62-8b88-3\u2033 include=\u201d3476\u2033][\/vc_column][\/vc_row]<\/p>\n","protected":false},"author":7,"featured_media":0,"parent":0,"menu_order":0,"comment_status":"closed","ping_status":"closed","template":"page-templates\/template-fullwidth.php","meta":{"footnotes":""},"class_list":["post-2644","page","type-page","status-publish","hentry"],"_links":{"self":[{"href":"https:\/\/skw.ee\/fi\/wp-json\/wp\/v2\/pages\/2644","targetHints":{"allow":["GET"]}}],"collection":[{"href":"https:\/\/skw.ee\/fi\/wp-json\/wp\/v2\/pages"}],"about":[{"href":"https:\/\/skw.ee\/fi\/wp-json\/wp\/v2\/types\/page"}],"author":[{"embeddable":true,"href":"https:\/\/skw.ee\/fi\/wp-json\/wp\/v2\/users\/7"}],"replies":[{"embeddable":true,"href":"https:\/\/skw.ee\/fi\/wp-json\/wp\/v2\/comments?post=2644"}],"version-history":[{"count":9,"href":"https:\/\/skw.ee\/fi\/wp-json\/wp\/v2\/pages\/2644\/revisions"}],"predecessor-version":[{"id":3488,"href":"https:\/\/skw.ee\/fi\/wp-json\/wp\/v2\/pages\/2644\/revisions\/3488"}],"wp:attachment":[{"href":"https:\/\/skw.ee\/fi\/wp-json\/wp\/v2\/media?parent=2644"}],"curies":[{"name":"wp","href":"https:\/\/api.w.org\/{rel}","templated":true}]}}