{"id":2668,"date":"2020-03-18T17:18:16","date_gmt":"2020-03-18T17:18:16","guid":{"rendered":"https:\/\/skw.ee\/taismetall-voolikud\/"},"modified":"2020-04-01T16:33:10","modified_gmt":"2020-04-01T16:33:10","slug":"kokometalliletkuja","status":"publish","type":"page","link":"https:\/\/skw.ee\/fi\/kokometalliletkuja\/","title":{"rendered":"Kokometalliletkuja"},"content":{"rendered":"<div class=\"wpb-content-wrapper\"><p>[vc_row parallax_bg=\u201dtrue\u201d css=\u201d.vc_custom_1585250709155{padding-bottom: 0px !important;background-image: url(https:\/\/skw.ee\/wp-content\/uploads\/2020\/03\/taust.jpg?id=2526) !important;}\u201d][vc_column offset=\u201dvc_col-md-6\u2033][vc_column_text css=\u201d.vc_custom_1585758788711{margin-bottom: 10px !important;}\u201d]<\/p>\n<h2>Kokometalliletkuja <span class=\"tiny-border\">x<\/span><\/h2>\n<p>[\/vc_column_text][vc_row_inner el_class=\u201dmore-20\u2033][vc_column_inner width=\u201d1\/2\u2033 offset=\u201dvc_col-lg-12 vc_col-md-12\u2033]\n\t<figure class=\"pic-hover hover-scale\">\n        <span class=\"center-xy\">\n        \t            <a class=\"image-popup\" href=\"\">\n                <i class=\"fa fa-image btn-action btn-action-hide\"><\/i>\n            <\/a>\n                    <\/span>\n        <span class=\"bg-overlay\"><\/span>        <img decoding=\"async\" src=\"\" class=\"img-responsive\" alt=\"\">\n    <\/figure>\n\n    <h3 class=\"\"><\/h3>\n    <p>\n        AISI316L-kokometalliletkuja valmistamme sek\u00e4 Viron ett\u00e4 Skandinavian teollisuus- ja hydrauliikkayrityksille. Kaikki letkut valmistetaan tilaajan erittelyjen mukaisesti.<\/p>\n<p>Varastotuotteina saatavana on DN6-DN100-letkuja ja tilauksesta voimme valmistaa DN125-DN200-metalliletkuja. Letkut ovat olemukseltaan vuotamattomia ja sopivat erilaisten kemikaalien, polttoaineiden, kryogeenisten sek\u00e4 kuumien nesteiden kuljetukseen l\u00e4mp\u00f6tilav\u00e4lill\u00e4 \u2013 270\u00b0C \u0336 600\u00b0C.<\/p>\n<p>Aallotettu ja taipuva metalliletku on vahvistettu AISI321-metalliverkolla. Asennuksessa tulee v\u00e4\u00e4ntymisen aina olla v\u00e4ltett\u00e4viss\u00e4. Enimm\u00e4ispituudet DN6-DN50 10-100 m ja DN65-DN100 20 m.\t<br>\n\t\t    <\/p>\n    \t\n[\/vc_column_inner][\/vc_row_inner][\/vc_column][vc_column offset=\u201dvc_col-md-6\u2033 el_class=\u201dbottom-0\u2033][vc_single_image image=\u201d2940\u2033 img_size=\u201dfull\u201d alignment=\u201dcenter\u201d css=\u201d.vc_custom_1585077618777{margin-top: -20px !important;padding-bottom: 50px !important;}\u201d][\/vc_column][\/vc_row][vc_row][vc_column css=\u201d.vc_custom_1585077500774{padding-top: 100px !important;}\u201d][vc_column_text css=\u201d.vc_custom_1585077569297{padding-bottom: 50px !important;}\u201d]<\/p>\n<h2>Galleria <span class=\"tiny-border\">x<\/span><\/h2>\n<p>[\/vc_column_text][vc_masonry_media_grid grid_id=\u201dvc_gid:1585758405673-ff10db7e-e245-0\u2033 include=\u201d2913,2907,2916,2910,2922,2919,2937\u2033 css=\u201d.vc_custom_1585678351385{padding-bottom: 50px !important;}\u201d][\/vc_column][\/vc_row]<\/p>\n<\/div>","protected":false},"excerpt":{"rendered":"<p>[vc_row parallax_bg=\u201dtrue\u201d css=\u201d.vc_custom_1585250709155{padding-bottom: 0px !important;background-image: url(https:\/\/skw.ee\/wp-content\/uploads\/2020\/03\/taust.jpg?id=2526) !important;}\u201d][vc_column offset=\u201dvc_col-md-6\u2033][vc_column_text css=\u201d.vc_custom_1585758788711{margin-bottom: 10px !important;}\u201d] Kokometalliletkuja x [\/vc_column_text][vc_row_inner el_class=\u201dmore-20\u2033][vc_column_inner width=\u201d1\/2\u2033 offset=\u201dvc_col-lg-12 vc_col-md-12\u2033][\/vc_column_inner][\/vc_row_inner][\/vc_column][vc_column offset=\u201dvc_col-md-6\u2033 el_class=\u201dbottom-0\u2033][vc_single_image image=\u201d2940\u2033 img_size=\u201dfull\u201d alignment=\u201dcenter\u201d css=\u201d.vc_custom_1585077618777{margin-top: -20px !important;padding-bottom: 50px !important;}\u201d][\/vc_column][\/vc_row][vc_row][vc_column css=\u201d.vc_custom_1585077500774{padding-top: 100px !important;}\u201d][vc_column_text css=\u201d.vc_custom_1585077569297{padding-bottom: 50px !important;}\u201d] Galleria x [\/vc_column_text][vc_masonry_media_grid grid_id=\u201dvc_gid:1585758405673-ff10db7e-e245-0\u2033 include=\u201d2913,2907,2916,2910,2922,2919,2937\u2033 css=\u201d.vc_custom_1585678351385{padding-bottom: 50px !important;}\u201d][\/vc_column][\/vc_row]<\/p>\n","protected":false},"author":7,"featured_media":0,"parent":0,"menu_order":0,"comment_status":"closed","ping_status":"closed","template":"page-templates\/template-fullwidth.php","meta":{"footnotes":""},"class_list":["post-2668","page","type-page","status-publish","hentry"],"_links":{"self":[{"href":"https:\/\/skw.ee\/fi\/wp-json\/wp\/v2\/pages\/2668","targetHints":{"allow":["GET"]}}],"collection":[{"href":"https:\/\/skw.ee\/fi\/wp-json\/wp\/v2\/pages"}],"about":[{"href":"https:\/\/skw.ee\/fi\/wp-json\/wp\/v2\/types\/page"}],"author":[{"embeddable":true,"href":"https:\/\/skw.ee\/fi\/wp-json\/wp\/v2\/users\/7"}],"replies":[{"embeddable":true,"href":"https:\/\/skw.ee\/fi\/wp-json\/wp\/v2\/comments?post=2668"}],"version-history":[{"count":10,"href":"https:\/\/skw.ee\/fi\/wp-json\/wp\/v2\/pages\/2668\/revisions"}],"predecessor-version":[{"id":3006,"href":"https:\/\/skw.ee\/fi\/wp-json\/wp\/v2\/pages\/2668\/revisions\/3006"}],"wp:attachment":[{"href":"https:\/\/skw.ee\/fi\/wp-json\/wp\/v2\/media?parent=2668"}],"curies":[{"name":"wp","href":"https:\/\/api.w.org\/{rel}","templated":true}]}}