{"id":3491,"date":"2021-06-02T16:19:23","date_gmt":"2021-06-02T16:19:23","guid":{"rendered":"https:\/\/skw.ee\/?page_id=3491"},"modified":"2021-06-02T16:19:23","modified_gmt":"2021-06-02T16:19:23","slug":"skwood","status":"publish","type":"page","link":"https:\/\/skw.ee\/fi\/skwood\/","title":{"rendered":"SKWood"},"content":{"rendered":"<div class=\"wpb-content-wrapper\"><p>[vc_row parallax_bg=\u201dtrue\u201d css=\u201d.vc_custom_1622279712716{padding-top: 80px !important;padding-bottom: 0px !important;background-image: url(https:\/\/skw.ee\/wp-content\/uploads\/2020\/03\/taust.jpg?id=2526) !important;}\u201d][vc_column offset=\u201dvc_col-md-6\u2033][vc_column_text css=\u201d.vc_custom_1622650749239{margin-bottom: 10px !important;}\u201d]<\/p>\n<h2>SKWood huonekalut <span class=\"tiny-border\">x<\/span><\/h2>\n<p>[\/vc_column_text][vc_row_inner el_class=\u201dmore-20\u2033][vc_column_inner width=\u201d1\/2\u2033 offset=\u201dvc_col-lg-12 vc_col-md-12\u2033][\/vc_column_inner][\/vc_row_inner][\/vc_column][vc_column offset=\u201dvc_col-md-6\u2033 el_class=\u201dbottom-0\u2033 css=\u201d.vc_custom_1585249684093{margin-top: 35px !important;}\u201d][vc_single_image image=\u201d3236\u2033 img_size=\u201dfull\u201d alignment=\u201dcenter\u201d css=\u201d.vc_custom_1622222304010{margin-top: 0px !important;padding-bottom: 0px !important;}\u201d][\/vc_column][\/vc_row][vc_row fullwidth=\u201dyes\u201d css=\u201d.vc_custom_1622279722585{padding-top: 30px !important;}\u201d][vc_column][vc_row_inner][vc_column_inner width=\u201d1\/4\u2033][vc_single_image image=\u201d3429\u2033 img_size=\u201dfull\u201d onclick=\u201dlink_image\u201d][\/vc_column_inner][vc_column_inner width=\u201d1\/4\u2033][vc_single_image image=\u201d3433\u2033 img_size=\u201dfull\u201d onclick=\u201dlink_image\u201d][\/vc_column_inner][vc_column_inner width=\u201d1\/4\u2033][vc_single_image image=\u201d3437\u2033 img_size=\u201dfull\u201d onclick=\u201dlink_image\u201d][\/vc_column_inner][vc_column_inner width=\u201d1\/4\u2033][vc_single_image image=\u201d3441\u2033 img_size=\u201dfull\u201d onclick=\u201dlink_image\u201d][\/vc_column_inner][\/vc_row_inner][vc_separator color=\u201dcustom\u201d css=\u201d.vc_custom_1622220334794{padding-top: 30px !important;padding-bottom: 30px !important;}\u201d][\/vc_column][\/vc_row][vc_row][vc_column][vc_column_text css=\u201d.vc_custom_1622650762230{padding-bottom: 50px !important;}\u201d]<\/p>\n<h2>Galleria <span class=\"tiny-border\">x<\/span><\/h2>\n<p>[\/vc_column_text][vc_masonry_media_grid grid_id=\u201dvc_gid:1622650733044-de03ac09-420c-3\u2033 include=\u201d3228,3232,3236,3240,3244,3248\u2033][\/vc_column][\/vc_row][vc_row disable_element=\u201dyes\u201d parallax_bg=\u201dtrue\u201d css=\u201d.vc_custom_1585939777953{padding-bottom: 0px !important;background-image: url(https:\/\/skw.ee\/wp-content\/uploads\/2020\/03\/taust.jpg?id=2526) !important;}\u201d][vc_column offset=\u201dvc_col-md-6\u2033][vc_column_text css=\u201d.vc_custom_1585075826621{margin-bottom: 10px !important;}\u201d]<\/p>\n<h2>Roostevaba metalli keevitus <span class=\"tiny-border\">x<\/span><\/h2>\n<p>[\/vc_column_text][vc_row_inner el_class=\u201dmore-20\u2033][vc_column_inner width=\u201d1\/2\u2033 offset=\u201dvc_col-lg-12 vc_col-md-12\u2033]\n\t<figure class=\"pic-hover hover-scale\">\n        <span class=\"center-xy\">\n        \t            <a class=\"image-popup\" href=\"\">\n                <i class=\"fa fa-image btn-action btn-action-hide\"><\/i>\n            <\/a>\n                    <\/span>\n        <span class=\"bg-overlay\"><\/span>        <img decoding=\"async\" src=\"\" class=\"img-responsive\" alt=\"\">\n    <\/figure>\n\n    <h3 class=\"\"><\/h3>\n    <p>\n        Suurem osa meie toodangust on klientide erilahendused, kus toodame vastavalt klientide spetsifikatsioonidele<\/p>\n<ul>\n<li>erinevaid torus\u00fcsteeme<\/li>\n<li><a href=\"https:\/\/skw.ee\/lpg\/\">mahuteid<\/a><\/li>\n<li>seadmeid<\/li>\n<li>konstruktsioone jne.<\/li>\n<\/ul>\n<p>Materjalideks kasutame roostevaba terast ja alumiiniumi. Keevitusprotsessideks TIG ja MIG. Meie keevitusprotseduurid ning k\u00f5ik keevitajad on sertifitseeritud vastavalt ISO standarditele.\t<br>\n\t\t    <\/p>\n    \t\n\n\t<figure class=\"pic-hover hover-scale\">\n        <span class=\"center-xy\">\n        \t            <a class=\"image-popup\" href=\"\">\n                <i class=\"fa fa-image btn-action btn-action-hide\"><\/i>\n            <\/a>\n                    <\/span>\n        <span class=\"bg-overlay\"><\/span>        <img decoding=\"async\" src=\"\" class=\"img-responsive\" alt=\"\">\n    <\/figure>\n\n    <h3 class=\"\"><\/h3>\n    <p>\n        Suurem osa meie toodangust on klientide erilahendused, kus toodame vastavalt klientide spetsifikatsioonidele<\/p>\n<ul>\n<li>erinevaid torus\u00fcsteeme<\/li>\n<li>mahuteid<\/li>\n<li>seadmeid<\/li>\n<li>konstruktsioone jne.<\/li>\n<\/ul>\n<p>Materjalideks kasutame roostevaba terast ja alumiiniumi. Keevitusprotsessideks TIG ja MIG. Meie keevitusprotseduurid ning k\u00f5ik keevitajad on sertifitseeritud vastavalt ISO standarditele.<\/p>\n<p><strong>Teeme erinevaid <a href=\"http:\/\/metallieksperdid.ee\/project\/roostevaba-terase-keevitamine\/\" target=\"_blank\" rel=\"noopener noreferrer\">roostevaba terasega<\/a> seotud metallit\u00f6id, t\u00f6\u00f6tleme hinnastamine tunnitasu alusel, poole tunni t\u00e4psusega:<\/strong>\t<br>\n\t\t    <\/p>\n    \t\n[\/vc_column_inner][\/vc_row_inner][\/vc_column][vc_column offset=\u201dvc_col-md-6\u2033 el_class=\u201dbottom-0\u2033 css=\u201d.vc_custom_1585249684093{margin-top: 35px !important;}\u201d][vc_single_image image=\u201d2982\u2033 img_size=\u201dfull\u201d alignment=\u201dcenter\u201d css=\u201d.vc_custom_1585249320816{margin-top: 0px !important;padding-bottom: 0px !important;}\u201d][\/vc_column][\/vc_row]<\/p>\n<\/div>","protected":false},"excerpt":{"rendered":"<p>[vc_row parallax_bg=\u201dtrue\u201d css=\u201d.vc_custom_1622279712716{padding-top: 80px !important;padding-bottom: 0px !important;background-image: url(https:\/\/skw.ee\/wp-content\/uploads\/2020\/03\/taust.jpg?id=2526) !important;}\u201d][vc_column offset=\u201dvc_col-md-6\u2033][vc_column_text css=\u201d.vc_custom_1622650749239{margin-bottom: 10px !important;}\u201d] SKWood huonekalut x [\/vc_column_text][vc_row_inner el_class=\u201dmore-20\u2033][vc_column_inner width=\u201d1\/2\u2033 offset=\u201dvc_col-lg-12 vc_col-md-12\u2033][\/vc_column_inner][\/vc_row_inner][\/vc_column][vc_column offset=\u201dvc_col-md-6\u2033 el_class=\u201dbottom-0\u2033 css=\u201d.vc_custom_1585249684093{margin-top: 35px !important;}\u201d][vc_single_image image=\u201d3236\u2033 img_size=\u201dfull\u201d alignment=\u201dcenter\u201d css=\u201d.vc_custom_1622222304010{margin-top: 0px !important;padding-bottom: 0px !important;}\u201d][\/vc_column][\/vc_row][vc_row fullwidth=\u201dyes\u201d css=\u201d.vc_custom_1622279722585{padding-top: 30px !important;}\u201d][vc_column][vc_row_inner][vc_column_inner width=\u201d1\/4\u2033][vc_single_image image=\u201d3429\u2033 img_size=\u201dfull\u201d onclick=\u201dlink_image\u201d][\/vc_column_inner][vc_column_inner width=\u201d1\/4\u2033][vc_single_image image=\u201d3433\u2033 img_size=\u201dfull\u201d onclick=\u201dlink_image\u201d][\/vc_column_inner][vc_column_inner width=\u201d1\/4\u2033][vc_single_image image=\u201d3437\u2033 img_size=\u201dfull\u201d onclick=\u201dlink_image\u201d][\/vc_column_inner][vc_column_inner width=\u201d1\/4\u2033][vc_single_image image=\u201d3441\u2033 img_size=\u201dfull\u201d onclick=\u201dlink_image\u201d][\/vc_column_inner][\/vc_row_inner][vc_separator color=\u201dcustom\u201d [&hellip;]<\/p>\n","protected":false},"author":7,"featured_media":3101,"parent":0,"menu_order":0,"comment_status":"closed","ping_status":"closed","template":"page-templates\/template-fullwidth.php","meta":{"footnotes":""},"class_list":["post-3491","page","type-page","status-publish","has-post-thumbnail","hentry"],"_links":{"self":[{"href":"https:\/\/skw.ee\/fi\/wp-json\/wp\/v2\/pages\/3491","targetHints":{"allow":["GET"]}}],"collection":[{"href":"https:\/\/skw.ee\/fi\/wp-json\/wp\/v2\/pages"}],"about":[{"href":"https:\/\/skw.ee\/fi\/wp-json\/wp\/v2\/types\/page"}],"author":[{"embeddable":true,"href":"https:\/\/skw.ee\/fi\/wp-json\/wp\/v2\/users\/7"}],"replies":[{"embeddable":true,"href":"https:\/\/skw.ee\/fi\/wp-json\/wp\/v2\/comments?post=3491"}],"version-history":[{"count":2,"href":"https:\/\/skw.ee\/fi\/wp-json\/wp\/v2\/pages\/3491\/revisions"}],"predecessor-version":[{"id":3493,"href":"https:\/\/skw.ee\/fi\/wp-json\/wp\/v2\/pages\/3491\/revisions\/3493"}],"wp:featuredmedia":[{"embeddable":true,"href":"https:\/\/skw.ee\/fi\/wp-json\/wp\/v2\/media\/3101"}],"wp:attachment":[{"href":"https:\/\/skw.ee\/fi\/wp-json\/wp\/v2\/media?parent=3491"}],"curies":[{"name":"wp","href":"https:\/\/api.w.org\/{rel}","templated":true}]}}