{"id":2624,"date":"2016-12-09T07:34:03","date_gmt":"2016-12-09T07:34:03","guid":{"rendered":"https:\/\/skw.ee\/ettevottest\/"},"modified":"2021-06-03T19:00:44","modified_gmt":"2021-06-03T19:00:44","slug":"ettevottest","status":"publish","type":"page","link":"https:\/\/skw.ee\/ru\/ettevottest\/","title":{"rendered":"\u041e \u043f\u0440\u0435\u0434\u043f\u0440\u0438\u044f\u0442\u0438\u0438"},"content":{"rendered":"<div class=\"wpb-content-wrapper\"><p>[vc_row css=\u00bb.vc_custom_1622279858638{padding-top: 80px !important;padding-bottom: 30px !important;}\u00bb][vc_column][vc_custom_heading text=\u00bb\u0422\u0435\u043f\u0435\u0440\u044c SKW Eesti O\u00dc \u0441\u043f\u0435\u0446\u0438\u0430\u043b\u0438\u0437\u0438\u0440\u0443\u0435\u0442\u0441\u044f \u043d\u0430 \u0441\u0432\u0430\u0440\u043a\u0435 \u043d\u0435\u0440\u0436\u0430\u0432\u0435\u044e\u0449\u0435\u0433\u043e \u043c\u0435\u0442\u0430\u043b\u043b\u00bb use_theme_fonts=\u00bbyes\u00bb][\/vc_column][vc_column width=\u00bb2\/3\u2033]\n\t<figure class=\"pic-hover hover-scale\">\n        <span class=\"center-xy\">\n        \t            <a class=\"image-popup\" href=\"\">\n                <i class=\"fa fa-image btn-action btn-action-hide\"><\/i>\n            <\/a>\n                    <\/span>\n        <span class=\"bg-overlay\"><\/span>        <img decoding=\"async\" src=\"\" class=\"img-responsive\" alt=\"\">\n    <\/figure>\n\n    <h3 class=\"\"><\/h3>\n    <p>\n        \u041f\u0440\u0435\u0434\u043f\u0440\u0438\u044f\u0442\u0438\u0435 \u0431\u044b\u043b\u043e \u043e\u0441\u043d\u043e\u0432\u0430\u043d\u043e \u0432 2001-\u043e\u043c \u0433\u043e\u0434\u0443 \u043f\u043e\u0434 \u043d\u0430\u0437\u0432\u0430\u043d\u0438\u0435\u043c Meistrim\u00f6\u00f6bel O\u00dc. \u041d\u0430 \u043f\u0440\u043e\u0442\u044f\u0436\u0435\u043d\u0438\u0438 18-\u0442\u0438 \u043b\u0435\u0442 \u043e\u0441\u043d\u043e\u0432\u043d\u043e\u0439 \u0441\u0444\u0435\u0440\u043e\u0439 \u0434\u0435\u044f\u0442\u0435\u043b\u044c\u043d\u043e\u0441\u0442\u0438 \u043f\u0440\u0435\u0434\u043f\u0440\u0438\u044f\u0442\u0438\u044f \u0431\u044b\u043b\u043e \u043f\u0440\u043e\u0438\u0437\u0432\u043e\u0434\u0441\u0442\u0432\u043e \u043c\u0435\u0431\u0435\u043b\u0438<\/p>\n<p>\u041d\u0430 \u0441\u0435\u0433\u043e\u0434\u043d\u044f\u0448\u043d\u0438\u0439 \u0434\u0435\u043d\u044c \u043f\u0440\u0435\u0434\u043f\u0440\u0438\u044f\u0442\u0438\u0435 \u043d\u0435 \u043f\u0440\u043e\u0438\u0437\u0432\u043e\u0434\u0438\u0442 \u043c\u0435\u0431\u0435\u043b\u044c, \u043d\u043e \u043f\u0440\u043e\u0434\u043e\u043b\u0436\u0430\u0435\u0442 \u0437\u0430\u043d\u0438\u043c\u0430\u0442\u044c\u0441\u044f \u043f\u043e\u0441\u0440\u0435\u0434\u043d\u0438\u0447\u0435\u0441\u0442\u0432\u043e\u043c \u043c\u0435\u0431\u0435\u043b\u044c\u043d\u044b\u0445 \u0442\u043e\u0432\u0430\u0440\u043e\u0432 \u043d\u0430 \u0441\u043a\u0430\u043d\u0434\u0438\u043d\u0430\u0432\u0441\u043a\u043e\u043c \u0440\u044b\u043d\u043a\u0435.<\/p>\n<p>\u0421\u043c\u0435\u043d\u0430 \u043a\u043e\u043c\u043c\u0435\u0440\u0447\u0435\u0441\u043a\u043e\u0439 \u0434\u0435\u044f\u0442\u0435\u043b\u044c\u043d\u043e\u0441\u0442\u0438 \u0438 \u043d\u0430\u0447\u0430\u043b\u043e \u0438\u0441\u0442\u043e\u0440\u0438\u0438 TIG \u0441\u0432\u0430\u0440\u043a\u0438 \u0431\u044b\u043b\u043e \u043f\u043e\u043b\u043e\u0436\u0435\u043d\u043e \u0432 2010-\u043e\u043c \u0433\u043e\u0434\u0443, \u043a\u043e\u0433\u0434\u0430 \u0444\u0438\u043d\u0441\u043a\u043e\u0435 \u043f\u0440\u0435\u0434\u043f\u0440\u0438\u044f\u0442\u0438\u0435 Teollisuussep\u00e4t Oy \u043e\u0441\u043d\u043e\u0432\u0430\u043b\u043e \u043f\u0440\u043e\u0438\u0437\u0432\u043e\u0434\u0441\u0442\u0432\u043e \u0432 \u0418\u0434\u0430-\u0412\u0438\u0440\u0443\u043c\u0430\u0430. \u0413\u043e\u0434\u0430\u043c\u0438 \u0440\u0430\u0431\u043e\u0442\u0430\u044f \u0432\u0441\u0435\u0439 \u043a\u043e\u043c\u0430\u043d\u0434\u043e\u0439 \u043d\u0430 \u0434\u0440\u0443\u0433\u043e\u0435 \u043f\u0440\u0435\u0434\u043f\u0440\u0438\u044f\u0442\u0438\u0435, \u0438 \u0437\u0430\u043d\u0438\u043c\u0430\u044f\u0441\u044c \u043f\u043e\u0441\u0440\u0435\u0434\u043d\u0438\u0447\u0435\u0441\u0442\u0432\u043e\u043c \u043c\u0435\u0442\u0430\u043b\u043b\u0438\u0447\u0435\u0441\u043a\u0438\u0445 \u0438\u0437\u0434\u0435\u043b\u0438\u0439 \u0432 \u043e\u0441\u043d\u043e\u0432\u043d\u043e\u043c \u0432 \u0424\u0438\u043d\u043b\u044f\u043d\u0434\u0438\u044e, \u043d\u0430 \u0441\u0435\u0433\u043e\u0434\u043d\u044f\u0448\u043d\u0438\u0439 \u0434\u0435\u043d\u044c \u0431\u044b\u043b\u0430 \u043e\u0441\u043d\u043e\u0432\u0430\u043d\u0430 \u0441\u043e\u0431\u0441\u0442\u0432\u0435\u043d\u043d\u0430\u044f \u043f\u0440\u043e\u0438\u0437\u0432\u043e\u0434\u0441\u0442\u0432\u0435\u043d\u043d\u0430\u044f \u0431\u0430\u0437\u0430 \u0432 \u0410\u0437\u0435\u0440\u0438, \u041b\u044f\u044d\u043d\u0435-\u0412\u0438\u0440\u0443\u043c\u0430\u0430, \u0438 \u0438\u0437\u043c\u0435\u043d\u0435\u043d\u043e \u043d\u0430\u0437\u0432\u0430\u043d\u0438\u0435 \u043f\u0440\u0435\u0434\u043f\u0440\u0438\u044f\u0442\u0438\u044f.<\/p>\n<p>90% \u043e\u0431\u044a\u0435\u043c\u0430 \u043f\u0440\u043e\u0438\u0437\u0432\u043e\u0434\u0441\u0442\u0432\u0430 \u043f\u0440\u0435\u0434\u043f\u0440\u0438\u044f\u0442\u0438\u044f \u0444\u043e\u0440\u043c\u0438\u0440\u0443\u0435\u0442 \u044d\u043a\u0441\u043f\u043e\u0440\u0442, \u043d\u043e \u0442\u0430\u043a\u0436\u0435 \u0431\u044b\u043b\u043e \u043f\u0440\u043e\u0438\u0437\u0432\u0435\u0434\u0435\u043d\u043e \u043c\u043d\u043e\u0436\u0435\u0441\u0442\u0432\u043e \u0442\u0440\u0443\u0431 \u0438\u0437 \u043d\u0435\u0440\u0436\u0430\u0432\u0435\u044e\u0449\u0435\u0439 \u0441\u0442\u0430\u043b\u0438 \u0434\u043b\u044f \u0440\u0430\u0437\u043b\u0438\u0447\u043d\u044b\u0445 \u044d\u0441\u0442\u043e\u043d\u0441\u043a\u0438\u0445 \u0432\u043e\u0434\u043e\u043e\u0447\u0438\u0441\u0442\u043d\u044b\u0445 \u0441\u043e\u043e\u0440\u0443\u0436\u0435\u043d\u0438\u0439.\t<br>\n\t\t    <\/p>\n    \t\n[\/vc_column][vc_column width=\u00bb1\/3\u2033][vc_single_image image=\u00bb2992\u2033 img_size=\u00bbfull\u00bb style=\u00bbvc_box_shadow_circle_2\u2033][\/vc_column][\/vc_row][vc_row css=\u00bb.vc_custom_1622279844589{padding-top: 50px !important;padding-bottom: 40px !important;background-color: #efefef !important;}\u00bb][vc_column][vc_custom_heading text=\u00bb\u041f\u0430\u0440\u0442\u043d\u0435\u0440\u044b \u043f\u043e \u0441\u043e\u0442\u0440\u0443\u0434\u043d\u0438\u0447\u0435\u0441\u0442\u0432\u0443\u00bb use_theme_fonts=\u00bbyes\u00bb][vc_row_inner][vc_column_inner width=\u00bb1\/5\u2033][vc_column_text]<\/p>\n<h5 data-canvas-width=\"590.8906666666669\"><a href=\"https:\/\/www.kaasutekniikka.fi\/\" target=\"_blank\" rel=\"noopener noreferrer\">Suomen Kaasutekniikka Oy<\/a><\/h5>\n<p>[\/vc_column_text][\/vc_column_inner][vc_column_inner width=\u00bb1\/5\u2033][vc_column_text]<\/p>\n<h5 data-canvas-width=\"590.8906666666669\"><a href=\"https:\/\/ee.hansa-flex.com\/index.html\" target=\"_blank\" rel=\"noopener noreferrer\">Hansa-Flex O\u00dc<\/a><\/h5>\n<p>[\/vc_column_text][\/vc_column_inner][vc_column_inner width=\u00bb1\/5\u2033][vc_column_text]<\/p>\n<h5 data-canvas-width=\"590.8906666666669\"><a href=\"http:\/\/www.dunlophiflex.ee\/\" target=\"_blank\" rel=\"noopener noreferrer\">Dunlop-Hiflex<\/a><\/h5>\n<p>[\/vc_column_text][\/vc_column_inner][vc_column_inner width=\u00bb1\/5\u2033][vc_column_text]<\/p>\n<h5 data-canvas-width=\"590.8906666666669\"><a href=\"https:\/\/new.abb.com\/marine\" target=\"_blank\" rel=\"noopener noreferrer\">ABB Marine<\/a><\/h5>\n<p>[\/vc_column_text][\/vc_column_inner][vc_column_inner width=\u00bb1\/5\u2033][vc_column_text]<\/p>\n<h5 data-canvas-width=\"590.8906666666669\"><a href=\"https:\/\/torm.ee\/\" target=\"_blank\" rel=\"noopener noreferrer\">Torm Metall O\u00dc<\/a><\/h5>\n<p>[\/vc_column_text][\/vc_column_inner][\/vc_row_inner][vc_row_inner][vc_column_inner width=\u00bb1\/6\u2033][vc_column_text]<\/p>\n<h5 data-canvas-width=\"590.8906666666669\"><a href=\"https:\/\/pesulux.ee\/\" target=\"_blank\" rel=\"noopener noreferrer\">Pesulux O\u00dc<\/a><\/h5>\n<p>[\/vc_column_text][\/vc_column_inner][vc_column_inner width=\u00bb1\/6\u2033][vc_column_text]<\/p>\n<h5 data-canvas-width=\"590.8906666666669\"><a href=\"http:\/\/www.feb.ee\/\" target=\"_blank\" rel=\"noopener noreferrer\">FEB AS<\/a><\/h5>\n<p>[\/vc_column_text][\/vc_column_inner][vc_column_inner width=\u00bb1\/6\u2033][vc_column_text]<\/p>\n<h5 data-canvas-width=\"590.8906666666669\"><a href=\"http:\/\/www.italinox.ee\/\" target=\"_blank\" rel=\"noopener noreferrer\">Italinox O\u00dc<\/a><\/h5>\n<p>[\/vc_column_text][\/vc_column_inner][vc_column_inner width=\u00bb1\/6\u2033][vc_column_text]<\/p>\n<h5 data-canvas-width=\"590.8906666666669\"><a href=\"http:\/\/www.lapesa.com\/\" target=\"_blank\" rel=\"noopener noreferrer\">Lapesa Srl<\/a><\/h5>\n<p>[\/vc_column_text][\/vc_column_inner][vc_column_inner width=\u00bb1\/6\u2033][vc_column_text]<\/p>\n<h5 data-canvas-width=\"590.8906666666669\"><a href=\"https:\/\/www.spetselektroodi.ee\/\" target=\"_blank\" rel=\"noopener noreferrer\">Spetselektroodi AS<\/a><\/h5>\n<p>[\/vc_column_text][\/vc_column_inner][vc_column_inner width=\u00bb1\/6\u2033][vc_column_text]<\/p>\n<h5 data-canvas-width=\"590.8906666666669\"><a href=\"https:\/\/www.rkrseadmed.ee\/\" target=\"_blank\" rel=\"noopener noreferrer\">RKR Seadmed O\u00dc<\/a><\/h5>\n<p>[\/vc_column_text][\/vc_column_inner][\/vc_row_inner][\/vc_column][\/vc_row]<\/p>\n<\/div>","protected":false},"excerpt":{"rendered":"<p>[vc_row css=\u00bb.vc_custom_1622279858638{padding-top: 80px !important;padding-bottom: 30px !important;}\u00bb][vc_column][vc_custom_heading text=\u00bb\u0422\u0435\u043f\u0435\u0440\u044c SKW Eesti O\u00dc \u0441\u043f\u0435\u0446\u0438\u0430\u043b\u0438\u0437\u0438\u0440\u0443\u0435\u0442\u0441\u044f \u043d\u0430 \u0441\u0432\u0430\u0440\u043a\u0435 \u043d\u0435\u0440\u0436\u0430\u0432\u0435\u044e\u0449\u0435\u0433\u043e \u043c\u0435\u0442\u0430\u043b\u043b\u00bb use_theme_fonts=\u00bbyes\u00bb][\/vc_column][vc_column width=\u00bb2\/3\u2033][\/vc_column][vc_column width=\u00bb1\/3\u2033][vc_single_image image=\u00bb2992\u2033 img_size=\u00bbfull\u00bb style=\u00bbvc_box_shadow_circle_2\u2033][\/vc_column][\/vc_row][vc_row css=\u00bb.vc_custom_1622279844589{padding-top: 50px !important;padding-bottom: 40px !important;background-color: #efefef !important;}\u00bb][vc_column][vc_custom_heading text=\u00bb\u041f\u0430\u0440\u0442\u043d\u0435\u0440\u044b \u043f\u043e \u0441\u043e\u0442\u0440\u0443\u0434\u043d\u0438\u0447\u0435\u0441\u0442\u0432\u0443\u00bb use_theme_fonts=\u00bbyes\u00bb][vc_row_inner][vc_column_inner width=\u00bb1\/5\u2033][vc_column_text] Suomen Kaasutekniikka Oy [\/vc_column_text][\/vc_column_inner][vc_column_inner width=\u00bb1\/5\u2033][vc_column_text] Hansa-Flex O\u00dc [\/vc_column_text][\/vc_column_inner][vc_column_inner width=\u00bb1\/5\u2033][vc_column_text] Dunlop-Hiflex [\/vc_column_text][\/vc_column_inner][vc_column_inner width=\u00bb1\/5\u2033][vc_column_text] ABB Marine [\/vc_column_text][\/vc_column_inner][vc_column_inner width=\u00bb1\/5\u2033][vc_column_text] Torm Metall O\u00dc [\/vc_column_text][\/vc_column_inner][\/vc_row_inner][vc_row_inner][vc_column_inner width=\u00bb1\/6\u2033][vc_column_text] Pesulux [&hellip;]<\/p>\n","protected":false},"author":7,"featured_media":0,"parent":0,"menu_order":0,"comment_status":"closed","ping_status":"closed","template":"page-templates\/template-fullwidth.php","meta":{"footnotes":""},"class_list":["post-2624","page","type-page","status-publish","hentry"],"_links":{"self":[{"href":"https:\/\/skw.ee\/ru\/wp-json\/wp\/v2\/pages\/2624","targetHints":{"allow":["GET"]}}],"collection":[{"href":"https:\/\/skw.ee\/ru\/wp-json\/wp\/v2\/pages"}],"about":[{"href":"https:\/\/skw.ee\/ru\/wp-json\/wp\/v2\/types\/page"}],"author":[{"embeddable":true,"href":"https:\/\/skw.ee\/ru\/wp-json\/wp\/v2\/users\/7"}],"replies":[{"embeddable":true,"href":"https:\/\/skw.ee\/ru\/wp-json\/wp\/v2\/comments?post=2624"}],"version-history":[{"count":8,"href":"https:\/\/skw.ee\/ru\/wp-json\/wp\/v2\/pages\/2624\/revisions"}],"predecessor-version":[{"id":3521,"href":"https:\/\/skw.ee\/ru\/wp-json\/wp\/v2\/pages\/2624\/revisions\/3521"}],"wp:attachment":[{"href":"https:\/\/skw.ee\/ru\/wp-json\/wp\/v2\/media?parent=2624"}],"curies":[{"name":"wp","href":"https:\/\/api.w.org\/{rel}","templated":true}]}}