{"id":2660,"date":"2020-03-18T17:17:43","date_gmt":"2020-03-18T17:17:43","guid":{"rendered":"https:\/\/skw.ee\/suomen-kaasutekniikka\/"},"modified":"2021-05-29T09:16:40","modified_gmt":"2021-05-29T09:16:40","slug":"suomen-kaasutekniikka","status":"publish","type":"page","link":"https:\/\/skw.ee\/ru\/suomen-kaasutekniikka\/","title":{"rendered":"Suomen kaasutekniikka"},"content":{"rendered":"<div class=\"wpb-content-wrapper\"><p>[vc_row parallax_bg=\u00bbtrue\u00bb css=\u00bb.vc_custom_1622279792945{padding-top: 80px !important;padding-bottom: 0px !important;background-image: url(https:\/\/skw.ee\/wp-content\/uploads\/2020\/03\/taust.jpg?id=2526) !important;}\u00bb][vc_column offset=\u00bbvc_col-md-6\u2033][vc_column_text css=\u00bb.vc_custom_1585078080072{margin-bottom: 10px !important;}\u00bb]<\/p>\n<h2>Suomen Kaasutekniikka Oy <span class=\"tiny-border\">x<\/span><\/h2>\n<p>[\/vc_column_text][vc_row_inner el_class=\u00bbmore-20\u2033][vc_column_inner width=\u00bb1\/2\u2033 offset=\u00bbvc_col-lg-12 vc_col-md-12\u2033]\n\t<figure class=\"pic-hover hover-scale\">\n        <span class=\"center-xy\">\n        \t            <a class=\"image-popup\" href=\"\">\n                <i class=\"fa fa-image btn-action btn-action-hide\"><\/i>\n            <\/a>\n                    <\/span>\n        <span class=\"bg-overlay\"><\/span>        <img decoding=\"async\" src=\"\" class=\"img-responsive\" alt=\"\">\n    <\/figure>\n\n    <h3 class=\"\"><\/h3>\n    <p>\n        Koost\u00f6\u00f6s gaasialal kogenud Soome ettev\u00f5ttega Suomen Kaasutekniikka Oy oleme ametlikud maaletoojad Lapesa Grupo Empresarial Sl nn Premium klassi LPG, LNG gaasi- ning tarbevee- mahutitele.<\/p>\n<p>Pakume ka v\u00f5tmed k\u00e4tte LPG projekte ning LNG satelliitjaamu ning tanklaid. Rohkem infot gaasilahenduste kohta leiate <span style=\"color: #000000;\"><a style=\"color: #000000;\" href=\"https:\/\/kaasutekniikka.fi\/\">www.kaasutekniikka.fi<\/a><\/span>.\t<br>\n\t\t    <\/p>\n    \t\n[\/vc_column_inner][\/vc_row_inner][vc_row_inner css=\u00bb.vc_custom_1585114469775{padding-top: -20px !important;}\u00bb][vc_column_inner width=\u00bb1\/4\u2033 offset=\u00bbvc_col-lg-3 vc_col-md-3 vc_col-xs-6\u2033]\n    <a class=\"btn btn-fx btn-line-black \" href=\"https:\/\/skw.ee\/lng\/\" target=\"_self\">LNG<\/a>  \t\n[\/vc_column_inner][vc_column_inner width=\u00bb3\/4\u2033 offset=\u00bbvc_col-lg-9 vc_col-md-9 vc_col-xs-6\u2033]\n    <a class=\"btn btn-fx btn-line-black \" href=\"https:\/\/skw.ee\/lpg\/\" target=\"_self\">LPG<\/a>  \t\n[\/vc_column_inner][\/vc_row_inner][\/vc_column][vc_column offset=\u00bbvc_col-md-6\u2033 el_class=\u00bbbottom-0\u2033][vc_single_image image=\u00bb2983\u2033 img_size=\u00bbfull\u00bb alignment=\u00bbcenter\u00bb css=\u00bb.vc_custom_1585249872992{margin-top: 35px !important;}\u00bb][\/vc_column][\/vc_row][vc_row css=\u00bb.vc_custom_1622279799736{padding-top: 80px !important;}\u00bb][vc_column][vc_column_text css=\u00bb.vc_custom_1585078201001{padding-bottom: 50px !important;}\u00bb]<\/p>\n<h2>Galerii <span class=\"tiny-border\">x<\/span><\/h2>\n<p>[\/vc_column_text][vc_masonry_media_grid item=\u00bbmasonryMedia_SimpleBlurWithScale\u00bb grid_id=\u00bbvc_gid:1622279788327-b094e3b2-b20f-6\u2033 include=\u00bb2944,2947,2953,2965,2968\u2033][\/vc_column][\/vc_row]<\/p>\n<\/div>","protected":false},"excerpt":{"rendered":"<p>[vc_row parallax_bg=\u00bbtrue\u00bb css=\u00bb.vc_custom_1622279792945{padding-top: 80px !important;padding-bottom: 0px !important;background-image: url(https:\/\/skw.ee\/wp-content\/uploads\/2020\/03\/taust.jpg?id=2526) !important;}\u00bb][vc_column offset=\u00bbvc_col-md-6\u2033][vc_column_text css=\u00bb.vc_custom_1585078080072{margin-bottom: 10px !important;}\u00bb] Suomen Kaasutekniikka Oy x [\/vc_column_text][vc_row_inner el_class=\u00bbmore-20\u2033][vc_column_inner width=\u00bb1\/2\u2033 offset=\u00bbvc_col-lg-12 vc_col-md-12\u2033][\/vc_column_inner][\/vc_row_inner][vc_row_inner css=\u00bb.vc_custom_1585114469775{padding-top: -20px !important;}\u00bb][vc_column_inner width=\u00bb1\/4\u2033 offset=\u00bbvc_col-lg-3 vc_col-md-3 vc_col-xs-6\u2033][\/vc_column_inner][vc_column_inner width=\u00bb3\/4\u2033 offset=\u00bbvc_col-lg-9 vc_col-md-9 vc_col-xs-6\u2033][\/vc_column_inner][\/vc_row_inner][\/vc_column][vc_column offset=\u00bbvc_col-md-6\u2033 el_class=\u00bbbottom-0\u2033][vc_single_image image=\u00bb2983\u2033 img_size=\u00bbfull\u00bb alignment=\u00bbcenter\u00bb css=\u00bb.vc_custom_1585249872992{margin-top: 35px !important;}\u00bb][\/vc_column][\/vc_row][vc_row css=\u00bb.vc_custom_1622279799736{padding-top: 80px !important;}\u00bb][vc_column][vc_column_text css=\u00bb.vc_custom_1585078201001{padding-bottom: 50px !important;}\u00bb] Galerii x [\/vc_column_text][vc_masonry_media_grid item=\u00bbmasonryMedia_SimpleBlurWithScale\u00bb grid_id=\u00bbvc_gid:1622279788327-b094e3b2-b20f-6\u2033 include=\u00bb2944,2947,2953,2965,2968\u2033][\/vc_column][\/vc_row]<\/p>\n","protected":false},"author":7,"featured_media":0,"parent":0,"menu_order":0,"comment_status":"closed","ping_status":"closed","template":"page-templates\/template-fullwidth.php","meta":{"footnotes":""},"class_list":["post-2660","page","type-page","status-publish","hentry"],"_links":{"self":[{"href":"https:\/\/skw.ee\/ru\/wp-json\/wp\/v2\/pages\/2660","targetHints":{"allow":["GET"]}}],"collection":[{"href":"https:\/\/skw.ee\/ru\/wp-json\/wp\/v2\/pages"}],"about":[{"href":"https:\/\/skw.ee\/ru\/wp-json\/wp\/v2\/types\/page"}],"author":[{"embeddable":true,"href":"https:\/\/skw.ee\/ru\/wp-json\/wp\/v2\/users\/7"}],"replies":[{"embeddable":true,"href":"https:\/\/skw.ee\/ru\/wp-json\/wp\/v2\/comments?post=2660"}],"version-history":[{"count":5,"href":"https:\/\/skw.ee\/ru\/wp-json\/wp\/v2\/pages\/2660\/revisions"}],"predecessor-version":[{"id":3385,"href":"https:\/\/skw.ee\/ru\/wp-json\/wp\/v2\/pages\/2660\/revisions\/3385"}],"wp:attachment":[{"href":"https:\/\/skw.ee\/ru\/wp-json\/wp\/v2\/media?parent=2660"}],"curies":[{"name":"wp","href":"https:\/\/api.w.org\/{rel}","templated":true}]}}