{"id":3494,"date":"2021-06-02T16:20:29","date_gmt":"2021-06-02T16:20:29","guid":{"rendered":"https:\/\/skw.ee\/?page_id=3494"},"modified":"2021-06-02T16:20:29","modified_gmt":"2021-06-02T16:20:29","slug":"skwood","status":"publish","type":"page","link":"https:\/\/skw.ee\/ru\/skwood\/","title":{"rendered":"SKWood"},"content":{"rendered":"<div class=\"wpb-content-wrapper\"><p>[vc_row parallax_bg=\u00bbtrue\u00bb css=\u00bb.vc_custom_1622279712716{padding-top: 80px !important;padding-bottom: 0px !important;background-image: url(https:\/\/skw.ee\/wp-content\/uploads\/2020\/03\/taust.jpg?id=2526) !important;}\u00bb][vc_column offset=\u00bbvc_col-md-6\u2033][vc_column_text css=\u00bb.vc_custom_1622650808131{margin-bottom: 10px !important;}\u00bb]<\/p>\n<h2>SKWood \u043c\u0435\u0431\u0435\u043b\u044c <span class=\"tiny-border\">x<\/span><\/h2>\n<p>[\/vc_column_text][vc_row_inner el_class=\u00bbmore-20\u2033][vc_column_inner width=\u00bb1\/2\u2033 offset=\u00bbvc_col-lg-12 vc_col-md-12\u2033][\/vc_column_inner][\/vc_row_inner][\/vc_column][vc_column offset=\u00bbvc_col-md-6\u2033 el_class=\u00bbbottom-0\u2033 css=\u00bb.vc_custom_1585249684093{margin-top: 35px !important;}\u00bb][vc_single_image image=\u00bb3237\u2033 img_size=\u00bbfull\u00bb alignment=\u00bbcenter\u00bb css=\u00bb.vc_custom_1622222304010{margin-top: 0px !important;padding-bottom: 0px !important;}\u00bb][\/vc_column][\/vc_row][vc_row fullwidth=\u00bbyes\u00bb css=\u00bb.vc_custom_1622279722585{padding-top: 30px !important;}\u00bb][vc_column][vc_row_inner][vc_column_inner width=\u00bb1\/4\u2033][vc_single_image image=\u00bb3430\u2033 img_size=\u00bbfull\u00bb onclick=\u00bblink_image\u00bb][\/vc_column_inner][vc_column_inner width=\u00bb1\/4\u2033][vc_single_image image=\u00bb3434\u2033 img_size=\u00bbfull\u00bb onclick=\u00bblink_image\u00bb][\/vc_column_inner][vc_column_inner width=\u00bb1\/4\u2033][vc_single_image image=\u00bb3438\u2033 img_size=\u00bbfull\u00bb onclick=\u00bblink_image\u00bb][\/vc_column_inner][vc_column_inner width=\u00bb1\/4\u2033][vc_single_image image=\u00bb3442\u2033 img_size=\u00bbfull\u00bb onclick=\u00bblink_image\u00bb][\/vc_column_inner][\/vc_row_inner][vc_separator color=\u00bbcustom\u00bb css=\u00bb.vc_custom_1622220334794{padding-top: 30px !important;padding-bottom: 30px !important;}\u00bb][\/vc_column][\/vc_row][vc_row][vc_column][vc_column_text css=\u00bb.vc_custom_1622650821615{padding-bottom: 50px !important;}\u00bb]<\/p>\n<h2>\u0413\u0430\u043b\u0435\u0440\u0435\u044f <span class=\"tiny-border\">x<\/span><\/h2>\n<p>[\/vc_column_text][vc_masonry_media_grid grid_id=\u00bbvc_gid:1622650793050-ca875204-9397-7\u2033 include=\u00bb3229,3233,3237,3241,3245,3249\u2033][\/vc_column][\/vc_row][vc_row disable_element=\u00bbyes\u00bb parallax_bg=\u00bbtrue\u00bb css=\u00bb.vc_custom_1585939777953{padding-bottom: 0px !important;background-image: url(https:\/\/skw.ee\/wp-content\/uploads\/2020\/03\/taust.jpg?id=2526) !important;}\u00bb][vc_column offset=\u00bbvc_col-md-6\u2033][vc_column_text css=\u00bb.vc_custom_1585075826621{margin-bottom: 10px !important;}\u00bb]<\/p>\n<h2>Roostevaba metalli keevitus <span class=\"tiny-border\">x<\/span><\/h2>\n<p>[\/vc_column_text][vc_row_inner el_class=\u00bbmore-20\u2033][vc_column_inner width=\u00bb1\/2\u2033 offset=\u00bbvc_col-lg-12 vc_col-md-12\u2033]\n\t<figure class=\"pic-hover hover-scale\">\n        <span class=\"center-xy\">\n        \t            <a class=\"image-popup\" href=\"\">\n                <i class=\"fa fa-image btn-action btn-action-hide\"><\/i>\n            <\/a>\n                    <\/span>\n        <span class=\"bg-overlay\"><\/span>        <img decoding=\"async\" src=\"\" class=\"img-responsive\" alt=\"\">\n    <\/figure>\n\n    <h3 class=\"\"><\/h3>\n    <p>\n        Suurem osa meie toodangust on klientide erilahendused, kus toodame vastavalt klientide spetsifikatsioonidele<\/p>\n<ul>\n<li>erinevaid torus\u00fcsteeme<\/li>\n<li><a href=\"https:\/\/skw.ee\/lpg\/\">mahuteid<\/a><\/li>\n<li>seadmeid<\/li>\n<li>konstruktsioone jne.<\/li>\n<\/ul>\n<p>Materjalideks kasutame roostevaba terast ja alumiiniumi. Keevitusprotsessideks TIG ja MIG. Meie keevitusprotseduurid ning k\u00f5ik keevitajad on sertifitseeritud vastavalt ISO standarditele.\t<br>\n\t\t    <\/p>\n    \t\n\n\t<figure class=\"pic-hover hover-scale\">\n        <span class=\"center-xy\">\n        \t            <a class=\"image-popup\" href=\"\">\n                <i class=\"fa fa-image btn-action btn-action-hide\"><\/i>\n            <\/a>\n                    <\/span>\n        <span class=\"bg-overlay\"><\/span>        <img decoding=\"async\" src=\"\" class=\"img-responsive\" alt=\"\">\n    <\/figure>\n\n    <h3 class=\"\"><\/h3>\n    <p>\n        Suurem osa meie toodangust on klientide erilahendused, kus toodame vastavalt klientide spetsifikatsioonidele<\/p>\n<ul>\n<li>erinevaid torus\u00fcsteeme<\/li>\n<li>mahuteid<\/li>\n<li>seadmeid<\/li>\n<li>konstruktsioone jne.<\/li>\n<\/ul>\n<p>Materjalideks kasutame roostevaba terast ja alumiiniumi. Keevitusprotsessideks TIG ja MIG. Meie keevitusprotseduurid ning k\u00f5ik keevitajad on sertifitseeritud vastavalt ISO standarditele.<\/p>\n<p><strong>Teeme erinevaid <a href=\"http:\/\/metallieksperdid.ee\/project\/roostevaba-terase-keevitamine\/\" target=\"_blank\" rel=\"noopener noreferrer\">roostevaba terasega<\/a> seotud metallit\u00f6id, t\u00f6\u00f6tleme hinnastamine tunnitasu alusel, poole tunni t\u00e4psusega:<\/strong>\t<br>\n\t\t    <\/p>\n    \t\n[\/vc_column_inner][\/vc_row_inner][\/vc_column][vc_column offset=\u00bbvc_col-md-6\u2033 el_class=\u00bbbottom-0\u2033 css=\u00bb.vc_custom_1585249684093{margin-top: 35px !important;}\u00bb][vc_single_image image=\u00bb2983\u2033 img_size=\u00bbfull\u00bb alignment=\u00bbcenter\u00bb css=\u00bb.vc_custom_1585249320816{margin-top: 0px !important;padding-bottom: 0px !important;}\u00bb][\/vc_column][\/vc_row]<\/p>\n<\/div>","protected":false},"excerpt":{"rendered":"<p>[vc_row parallax_bg=\u00bbtrue\u00bb css=\u00bb.vc_custom_1622279712716{padding-top: 80px !important;padding-bottom: 0px !important;background-image: url(https:\/\/skw.ee\/wp-content\/uploads\/2020\/03\/taust.jpg?id=2526) !important;}\u00bb][vc_column offset=\u00bbvc_col-md-6\u2033][vc_column_text css=\u00bb.vc_custom_1622650808131{margin-bottom: 10px !important;}\u00bb] SKWood \u043c\u0435\u0431\u0435\u043b\u044c x [\/vc_column_text][vc_row_inner el_class=\u00bbmore-20\u2033][vc_column_inner width=\u00bb1\/2\u2033 offset=\u00bbvc_col-lg-12 vc_col-md-12\u2033][\/vc_column_inner][\/vc_row_inner][\/vc_column][vc_column offset=\u00bbvc_col-md-6\u2033 el_class=\u00bbbottom-0\u2033 css=\u00bb.vc_custom_1585249684093{margin-top: 35px !important;}\u00bb][vc_single_image image=\u00bb3237\u2033 img_size=\u00bbfull\u00bb alignment=\u00bbcenter\u00bb css=\u00bb.vc_custom_1622222304010{margin-top: 0px !important;padding-bottom: 0px !important;}\u00bb][\/vc_column][\/vc_row][vc_row fullwidth=\u00bbyes\u00bb css=\u00bb.vc_custom_1622279722585{padding-top: 30px !important;}\u00bb][vc_column][vc_row_inner][vc_column_inner width=\u00bb1\/4\u2033][vc_single_image image=\u00bb3430\u2033 img_size=\u00bbfull\u00bb onclick=\u00bblink_image\u00bb][\/vc_column_inner][vc_column_inner width=\u00bb1\/4\u2033][vc_single_image image=\u00bb3434\u2033 img_size=\u00bbfull\u00bb onclick=\u00bblink_image\u00bb][\/vc_column_inner][vc_column_inner width=\u00bb1\/4\u2033][vc_single_image image=\u00bb3438\u2033 img_size=\u00bbfull\u00bb onclick=\u00bblink_image\u00bb][\/vc_column_inner][vc_column_inner width=\u00bb1\/4\u2033][vc_single_image image=\u00bb3442\u2033 img_size=\u00bbfull\u00bb onclick=\u00bblink_image\u00bb][\/vc_column_inner][\/vc_row_inner][vc_separator color=\u00bbcustom\u00bb [&hellip;]<\/p>\n","protected":false},"author":7,"featured_media":3102,"parent":0,"menu_order":0,"comment_status":"closed","ping_status":"closed","template":"page-templates\/template-fullwidth.php","meta":{"footnotes":""},"class_list":["post-3494","page","type-page","status-publish","has-post-thumbnail","hentry"],"_links":{"self":[{"href":"https:\/\/skw.ee\/ru\/wp-json\/wp\/v2\/pages\/3494","targetHints":{"allow":["GET"]}}],"collection":[{"href":"https:\/\/skw.ee\/ru\/wp-json\/wp\/v2\/pages"}],"about":[{"href":"https:\/\/skw.ee\/ru\/wp-json\/wp\/v2\/types\/page"}],"author":[{"embeddable":true,"href":"https:\/\/skw.ee\/ru\/wp-json\/wp\/v2\/users\/7"}],"replies":[{"embeddable":true,"href":"https:\/\/skw.ee\/ru\/wp-json\/wp\/v2\/comments?post=3494"}],"version-history":[{"count":2,"href":"https:\/\/skw.ee\/ru\/wp-json\/wp\/v2\/pages\/3494\/revisions"}],"predecessor-version":[{"id":3496,"href":"https:\/\/skw.ee\/ru\/wp-json\/wp\/v2\/pages\/3494\/revisions\/3496"}],"wp:featuredmedia":[{"embeddable":true,"href":"https:\/\/skw.ee\/ru\/wp-json\/wp\/v2\/media\/3102"}],"wp:attachment":[{"href":"https:\/\/skw.ee\/ru\/wp-json\/wp\/v2\/media?parent=3494"}],"curies":[{"name":"wp","href":"https:\/\/api.w.org\/{rel}","templated":true}]}}